{"id":43,"date":"2018-02-02T15:40:36","date_gmt":"2018-02-02T15:40:36","guid":{"rendered":"http:\/\/sweetgum.nybg.org\/science\/projects\/tapajos\/?page_id=43"},"modified":"2018-02-28T19:06:49","modified_gmt":"2018-02-28T19:06:49","slug":"research","status":"publish","type":"page","link":"https:\/\/sweetgum.nybg.org\/science\/projects\/tapajos\/research\/","title":{"rendered":"Research"},"content":{"rendered":"<div id=\"pl-43\"  class=\"panel-layout\" ><div id=\"pg-43-0\"  class=\"panel-grid panel-no-style\" ><div id=\"pgc-43-0-0\"  class=\"panel-grid-cell\" ><div id=\"panel-43-0-0-0\" class=\"so-panel widget widget_media_image panel-first-child panel-last-child\" data-index=\"0\" ><img loading=\"lazy\" decoding=\"async\" width=\"1288\" height=\"388\" src=\"https:\/\/sweetgum.nybg.org\/science\/projects\/tapajos\/wp-content\/uploads\/sites\/28\/2018\/02\/IMG_1673-copy.jpg\" class=\"image wp-image-126  attachment-full size-full\" alt=\"\" style=\"max-width: 100%; height: auto;\" srcset=\"https:\/\/sweetgum.nybg.org\/science\/projects\/tapajos\/wp-content\/uploads\/sites\/28\/2018\/02\/IMG_1673-copy.jpg 1288w, https:\/\/sweetgum.nybg.org\/science\/projects\/tapajos\/wp-content\/uploads\/sites\/28\/2018\/02\/IMG_1673-copy-300x90.jpg 300w, https:\/\/sweetgum.nybg.org\/science\/projects\/tapajos\/wp-content\/uploads\/sites\/28\/2018\/02\/IMG_1673-copy-768x231.jpg 768w, https:\/\/sweetgum.nybg.org\/science\/projects\/tapajos\/wp-content\/uploads\/sites\/28\/2018\/02\/IMG_1673-copy-1024x308.jpg 1024w\" sizes=\"(max-width: 1288px) 100vw, 1288px\" \/><\/div><\/div><\/div><div id=\"pg-43-1\"  class=\"panel-grid panel-no-style\" ><div id=\"pgc-43-1-0\"  class=\"panel-grid-cell\" ><div id=\"panel-43-1-0-0\" class=\"so-panel widget widget_sow-editor panel-first-child panel-last-child\" data-index=\"1\" ><div\n\t\t\t\n\t\t\tclass=\"so-widget-sow-editor so-widget-sow-editor-base\"\n\t\t\t\n\t\t>\n<div class=\"siteorigin-widget-tinymce textwidget\">\n\t<p>The Flora Tapaj\u00f3s Project is a long-term collaborative effort to improve the inventory of plant species in the basin of the Tapaj\u00f3s River<\/p>\n<p>in the Brazilian Amazon. The project leverages floristic data to promote more effective science and conservation in the region, while at<\/p>\n<p>the same time helping to improve local capacity for floristic research through student training and infrastructure development. The<\/p>\n<p>project is coordinated by scientists at the Botanical Garden of Rio de Janeiro, the Federal University of Western Par\u00e1, the Goeldi<\/p>\n<p>Museum, and the New York Botanical Garden. We work closely with local communities and the personnel of the Chico Mendez<\/p>\n<p>Institute charged with the administration of numerous conservation areas in the region.<\/p>\n<p>\u00a0<\/p>\n<p>Since the beginning of the project in 2011, our activities have been focused in the lower and middle reaches of the Tapaj\u00f3s Basin in<\/p>\n<p>Par\u00e1. We are currently compiling comprehensive inventories of the vascular plants of Tapaj\u00f3s National Forest and Amaz\u00f4nia National<\/p>\n<p>Park. Additional studies in the Environmentally Protected Area of Alter do Ch\u00e3o are also underway.<\/p>\n<\/div>\n<\/div><\/div><\/div><div id=\"pgc-43-1-1\"  class=\"panel-grid-cell\" ><div id=\"panel-43-1-1-0\" class=\"so-panel widget widget_sow-editor panel-first-child panel-last-child\" data-index=\"2\" ><div\n\t\t\t\n\t\t\tclass=\"so-widget-sow-editor so-widget-sow-editor-base\"\n\t\t\t\n\t\t>\n<div class=\"siteorigin-widget-tinymce textwidget\">\n\t<h3><a href=\"https:\/\/sweetgum.nybg.org\/science\/projects\/tapajos\/justification\/\">Justification<\/a><\/h3>\n<p>\u00a0<\/p>\n<h3><a href=\"https:\/\/sweetgum.nybg.org\/science\/projects\/tapajos\/coordinators\/\">Participants<\/a><\/h3>\n<p>\u00a0<\/p>\n<h3><a href=\"https:\/\/sweetgum.nybg.org\/science\/projects\/tapajos\/protected-areas\/\">Protected areas where we work<\/a><\/h3>\n<\/div>\n<\/div><\/div><\/div><\/div><\/div>","protected":false},"excerpt":{"rendered":"<p>The Flora Tapaj\u00f3s Project is a long-term collaborative effort to improve the inventory of plant species in the basin of the Tapaj\u00f3s River in the Brazilian Amazon. The project leverages floristic data to promote more effective science and conservation in &hellip; <a href=\"https:\/\/sweetgum.nybg.org\/science\/projects\/tapajos\/research\/\">Continued<\/a><\/p>\n","protected":false},"author":1,"featured_media":0,"parent":0,"menu_order":0,"comment_status":"closed","ping_status":"closed","template":"page-fullwidth.php","meta":{"footnotes":""},"_links":{"self":[{"href":"https:\/\/sweetgum.nybg.org\/science\/projects\/tapajos\/wp-json\/wp\/v2\/pages\/43"}],"collection":[{"href":"https:\/\/sweetgum.nybg.org\/science\/projects\/tapajos\/wp-json\/wp\/v2\/pages"}],"about":[{"href":"https:\/\/sweetgum.nybg.org\/science\/projects\/tapajos\/wp-json\/wp\/v2\/types\/page"}],"author":[{"embeddable":true,"href":"https:\/\/sweetgum.nybg.org\/science\/projects\/tapajos\/wp-json\/wp\/v2\/users\/1"}],"replies":[{"embeddable":true,"href":"https:\/\/sweetgum.nybg.org\/science\/projects\/tapajos\/wp-json\/wp\/v2\/comments?post=43"}],"version-history":[{"count":12,"href":"https:\/\/sweetgum.nybg.org\/science\/projects\/tapajos\/wp-json\/wp\/v2\/pages\/43\/revisions"}],"predecessor-version":[{"id":338,"href":"https:\/\/sweetgum.nybg.org\/science\/projects\/tapajos\/wp-json\/wp\/v2\/pages\/43\/revisions\/338"}],"wp:attachment":[{"href":"https:\/\/sweetgum.nybg.org\/science\/projects\/tapajos\/wp-json\/wp\/v2\/media?parent=43"}],"curies":[{"name":"wp","href":"https:\/\/api.w.org\/{rel}","templated":true}]}}