{"id":37,"date":"2016-09-01T20:10:52","date_gmt":"2016-09-01T20:10:52","guid":{"rendered":"http:\/\/sycamore.nybg.org\/science\/projects\/orquideas\/?page_id=37"},"modified":"2016-09-26T13:44:05","modified_gmt":"2016-09-26T13:44:05","slug":"cite","status":"publish","type":"page","link":"https:\/\/sweetgum.nybg.org\/science\/projects\/orquideas\/cite\/","title":{"rendered":"Cite"},"content":{"rendered":"<p><i>Flora of Las Orqu\u00eddeas National Park: Vascular plants of the Colombian Andes and Choc\u00f3<\/i>should be cited as follows:<\/p>\n<p>Pedraza-Pe\u00f1alosa, P. &amp; J. Betancur. 2015 onward. Flora of Las Orqu\u00eddeas National Park: vascular plants of the Colombian Andes and Choc\u00f3 (<a href=\"https:\/\/sweetgum.nybg.org\/science\/projects\/orquideas\/\">https:\/\/sweetgum.nybg.org\/science\/projects\/orquideas\/<\/a>). The New York Botanical Garden, Bronx, New York.<\/p>\n<h4>Use of Images<\/h4>\n<p>Please refer to the policy Use of Images from The C. V. Starr Virtual Herbarium for permission to use images of herbarium specimens found in the Flora of Las Orqu\u00eddeas National Park: vascular plants of the Colombian Andes and Choc\u00f3 website.<\/p>\n<p>Any other image, including images of living plants and line drawings, are under copyright by the creator and permission is required for their use. Please contact Paola Pedraza (ppedraza at nybg.org) to request permission.<\/p>\n","protected":false},"excerpt":{"rendered":"<p>Flora of Las Orqu\u00eddeas National Park: Vascular plants of the Colombian Andes and Choc\u00f3should be cited as follows: Pedraza-Pe\u00f1alosa, P. &amp; J. Betancur. 2015 onward. Flora of Las Orqu\u00eddeas National Park: vascular plants of the Colombian Andes and Choc\u00f3 (https:\/\/sweetgum.nybg.org\/science\/projects\/orquideas\/). &hellip; <a href=\"https:\/\/sweetgum.nybg.org\/science\/projects\/orquideas\/cite\/\">Continued<\/a><\/p>\n","protected":false},"author":1,"featured_media":0,"parent":0,"menu_order":0,"comment_status":"closed","ping_status":"closed","template":"page-fullwidth.php","meta":{"footnotes":""},"_links":{"self":[{"href":"https:\/\/sweetgum.nybg.org\/science\/projects\/orquideas\/wp-json\/wp\/v2\/pages\/37"}],"collection":[{"href":"https:\/\/sweetgum.nybg.org\/science\/projects\/orquideas\/wp-json\/wp\/v2\/pages"}],"about":[{"href":"https:\/\/sweetgum.nybg.org\/science\/projects\/orquideas\/wp-json\/wp\/v2\/types\/page"}],"author":[{"embeddable":true,"href":"https:\/\/sweetgum.nybg.org\/science\/projects\/orquideas\/wp-json\/wp\/v2\/users\/1"}],"replies":[{"embeddable":true,"href":"https:\/\/sweetgum.nybg.org\/science\/projects\/orquideas\/wp-json\/wp\/v2\/comments?post=37"}],"version-history":[{"count":4,"href":"https:\/\/sweetgum.nybg.org\/science\/projects\/orquideas\/wp-json\/wp\/v2\/pages\/37\/revisions"}],"predecessor-version":[{"id":71,"href":"https:\/\/sweetgum.nybg.org\/science\/projects\/orquideas\/wp-json\/wp\/v2\/pages\/37\/revisions\/71"}],"wp:attachment":[{"href":"https:\/\/sweetgum.nybg.org\/science\/projects\/orquideas\/wp-json\/wp\/v2\/media?parent=37"}],"curies":[{"name":"wp","href":"https:\/\/api.w.org\/{rel}","templated":true}]}}