{"id":35,"date":"2016-09-01T20:10:25","date_gmt":"2016-09-01T20:10:25","guid":{"rendered":"http:\/\/sycamore.nybg.org\/science\/projects\/orquideas\/?page_id=35"},"modified":"2016-09-26T13:44:26","modified_gmt":"2016-09-26T13:44:26","slug":"acknowledgements","status":"publish","type":"page","link":"https:\/\/sweetgum.nybg.org\/science\/projects\/orquideas\/acknowledgements\/","title":{"rendered":"Acknowledgements"},"content":{"rendered":"<p>We are grateful to the National Science Foundation for its support of this project (Grant number: NSF-DEB-10206230). We thank Parques Nacionales Naturales de Colombia and especially the incredible staff of Parque Nacional Natural Las Orqu\u00eddeas for their logistical support and invaluable help during the arduous and always successful field expeditions. We thank the staff of the <a href=\"https:\/\/sweetgum.nybg.org\/science\/vh\">New York Botanical Garden Herbarium<\/a> (NY), the Herbario Nacional Colombiano, and the <a href=\"http:\/\/www.icn.unal.edu.co\/\">Instituto de Ciencias Naturales<\/a> of the Universidad Nacional de Colombia for their contributions, especially to Melissa Tulig (NY) for assisting with the website construction. We are grateful to Marjorie Graham, who helped curate the vast digital photography databases. Lastly, we thank to our network of collaborating systematists for contributing with the identification of the plants of Las Orqu\u00eddeas National Park, among them Pedro Acevedo, T. E. Almeida, Rafael Ar\u00e9valo, Cornelius Berg, Ricardo Callejas, Duv\u00e1n Canal, Natalia Casta\u00f1o, John L. Clark, Laura Clavijo, Theodore Cochrane, Xavier Cornejo, Thomas B. Croat, Rodrigo Duno de Stefano, J. L. Fern\u00e1ndez, Gloria Galeano, Santiago D\u00edaz, Javier Garz\u00f3n, Diego Giraldo, Giovanny Giraldo, Mar\u00eda F. Gonz\u00e1lez, Favio Gonz\u00e1lez, Michael H. Grayum, S. Guerrero, Marc Hachadourian, Barry Hammel, Andrew Henderson, Alvaro Id\u00e1rraga, Peter M. Jorgensen, Jackie Kallunki, Lawrence Kelly, Olga Kosovsky, Ricardo Kriebel, P. J. M. Maas, Hiltje Maas, Humberto Mendoza, Fabian Michelangeli, Francisco J. Morales, Robbin C. Moran, Scott Mori, Jos\u00e9 Murillo, Michael Nee, Andr\u00e9s Orejuela, Rosa Ortiz-Gentry, Carlos Parra, Gregory M. Plunkett, Jefferson Prado, Ghillean Prance, Susanne Renner, Liz K. Ru\u00edz, Harold E. Robinson, Francisco J. Rold\u00e1n, Nelson Salinas, David San\u00edn, Marcela Serna, Marcela Firens da Silveira, Stela Su\u00e1rez, Michael Sundue, Dariusz Szlachetko, Charlotte M. Taylor, Wayt Thomas, Laura Toro, Gordon C. Tucker, William Vargas, Henk van der Werff, and Alejandro Zuluaga (AAU, CAS, COL, CIIDIR, CTES, EIU, HUA, HUEFS, K, L, MO, NY, PH, UNA, US, VT, WIS).<\/p>\n<h2>Team<\/h2>\n<p><a href=\"http:\/\/www.nybg.org\/science\/scientist_profile.php?id_scientist=67\">Paola Pedraza-Pe\u00f1alosa<\/a>. Principal Investigator.<\/p>\n<p><a href=\"http:\/\/ciencias.bogota.unal.edu.co\/icn\/talento-humano\/personal-docente-de-planta\/\">Julio Betancur<\/a>. Principal Investigator.<\/p>\n<p>Maria Fernanda Gonzalez. Research Assistant. Mafe has worked in several floristics projects in Colombia in association with Instituto de Investigaci\u00f3n de Recursos Biol\u00f3gicos Alexander von Humboldt and Universidad Nacional de Colombia.<\/p>\n<p>Mateo Jaimes. Research Assistant. Mateo recently obtained his B.S. in Biology and is currently involved with various botanical projects.<\/p>\n<p>Elizabeth Rose Tineo. Research Assistant.<\/p>\n","protected":false},"excerpt":{"rendered":"<p>We are grateful to the National Science Foundation for its support of this project (Grant number: NSF-DEB-10206230). We thank Parques Nacionales Naturales de Colombia and especially the incredible staff of Parque Nacional Natural Las Orqu\u00eddeas for their logistical support and &hellip; <a href=\"https:\/\/sweetgum.nybg.org\/science\/projects\/orquideas\/acknowledgements\/\">Continued<\/a><\/p>\n","protected":false},"author":1,"featured_media":0,"parent":0,"menu_order":0,"comment_status":"closed","ping_status":"closed","template":"page-fullwidth.php","meta":{"footnotes":""},"_links":{"self":[{"href":"https:\/\/sweetgum.nybg.org\/science\/projects\/orquideas\/wp-json\/wp\/v2\/pages\/35"}],"collection":[{"href":"https:\/\/sweetgum.nybg.org\/science\/projects\/orquideas\/wp-json\/wp\/v2\/pages"}],"about":[{"href":"https:\/\/sweetgum.nybg.org\/science\/projects\/orquideas\/wp-json\/wp\/v2\/types\/page"}],"author":[{"embeddable":true,"href":"https:\/\/sweetgum.nybg.org\/science\/projects\/orquideas\/wp-json\/wp\/v2\/users\/1"}],"replies":[{"embeddable":true,"href":"https:\/\/sweetgum.nybg.org\/science\/projects\/orquideas\/wp-json\/wp\/v2\/comments?post=35"}],"version-history":[{"count":3,"href":"https:\/\/sweetgum.nybg.org\/science\/projects\/orquideas\/wp-json\/wp\/v2\/pages\/35\/revisions"}],"predecessor-version":[{"id":72,"href":"https:\/\/sweetgum.nybg.org\/science\/projects\/orquideas\/wp-json\/wp\/v2\/pages\/35\/revisions\/72"}],"wp:attachment":[{"href":"https:\/\/sweetgum.nybg.org\/science\/projects\/orquideas\/wp-json\/wp\/v2\/media?parent=35"}],"curies":[{"name":"wp","href":"https:\/\/api.w.org\/{rel}","templated":true}]}}