{"id":33,"date":"2016-09-01T20:09:58","date_gmt":"2016-09-01T20:09:58","guid":{"rendered":"http:\/\/sycamore.nybg.org\/science\/projects\/orquideas\/?page_id=33"},"modified":"2016-09-01T20:09:58","modified_gmt":"2016-09-01T20:09:58","slug":"discoveries","status":"publish","type":"page","link":"https:\/\/sweetgum.nybg.org\/science\/projects\/orquideas\/discoveries\/","title":{"rendered":"Discoveries"},"content":{"rendered":"<p>Noteworthy new plant species have been discovered in Las Orqu\u00eddeas National Park through fieldwork in hard-to-reach areas and the collaboration of an international group of plant systematists who have identified specimens belonging to the groups in which they specialize (see Acknowledgements). Although several new species are still in manuscript stage, the described taxa so far comprise:<\/p>\n<p>Amaya-M\u00e1rquez, M., L.E. Skog &amp; L.P. Kvist. 2013. Columnea caudata and Columnea megafolia, two new species of Gesneriaceae. Caldasia 35(2): 273\u2013280.<\/p>\n<p>Garz\u00f3n V. &amp; J., G\u00f3nzalez, F. (2012) Five new species and three new records of Burmeinstera (Campanulaceae-Lobelioideae) from Colombia. Caldasia 34(2): 309\u2013324.<\/p>\n<p>Garz\u00f3n V., J., G\u00f3nzalez, F., &amp; V\u00e9lez P., J.M. (2012) Burmeistera minutiflora (Campanulaceae-Lobelioideae), a new species from the high Andes of Antioquia (Colombia) with the smallest flowers in the genus. Anales del Jard\u00edn Bot\u00e1nico de Madrid 69(2): 243\u2013246.<a href=\"http:\/\/dx.doi.org\/10.3989\/ajbm.2320\">http:\/\/dx.doi.org\/10.3989\/ajbm.2320<\/a><\/p>\n<p>Giraldo, G. &amp; Dalstr\u00f6m, S. (2012) A new and extraordinary Cyrtochilum (Orchidaceae: Oncidiinae) from Colombia. Lankesteriana 12(3): 137\u2013142. Smith, J.F., M. Amaya-M\u00e1rquez, O.H. Mar\u00edn-G\u00f3mez &amp; J.L. Clark. 2013. Four new species of Columnea (Gesneriaceae) with primary distributions in Colombia. Journal of the Botanical Research Institute of Texas 7(2): 667\u2013679.<\/p>\n<p>Pedraza-Pe\u00f1alosa, P. 2015. New blueberry and morti\u00f1o relatives (Ericaceae) from northwestern Colombia. PhytoKeys 49: 33\u201358.<a href=\"http:\/\/dx.doi.org\/10.3897\/phytokeys.49.8383\">http:\/\/dx.doi.org\/10.3897\/phytokeys.49.8383<\/a><\/p>\n<p>Szlachetko, D.L. &amp; Klonowska M. (2013) A new species of Rhetinantha (Orchidaceae, Maxillarieae) from Antioquia, Colombia. Plant Systematics and Evolution 299(10): 1873-1877. <a href=\"http:\/\/dx.doi.org\/10.1007\/s00606-013-0843-5\">http:\/\/dx.doi.org\/10.1007\/s00606-013-0843-5<\/a><\/p>\n","protected":false},"excerpt":{"rendered":"<p>Noteworthy new plant species have been discovered in Las Orqu\u00eddeas National Park through fieldwork in hard-to-reach areas and the collaboration of an international group of plant systematists who have identified specimens belonging to the groups in which they specialize (see &hellip; <a href=\"https:\/\/sweetgum.nybg.org\/science\/projects\/orquideas\/discoveries\/\">Continued<\/a><\/p>\n","protected":false},"author":1,"featured_media":0,"parent":0,"menu_order":0,"comment_status":"closed","ping_status":"closed","template":"page-fullwidth.php","meta":{"footnotes":""},"_links":{"self":[{"href":"https:\/\/sweetgum.nybg.org\/science\/projects\/orquideas\/wp-json\/wp\/v2\/pages\/33"}],"collection":[{"href":"https:\/\/sweetgum.nybg.org\/science\/projects\/orquideas\/wp-json\/wp\/v2\/pages"}],"about":[{"href":"https:\/\/sweetgum.nybg.org\/science\/projects\/orquideas\/wp-json\/wp\/v2\/types\/page"}],"author":[{"embeddable":true,"href":"https:\/\/sweetgum.nybg.org\/science\/projects\/orquideas\/wp-json\/wp\/v2\/users\/1"}],"replies":[{"embeddable":true,"href":"https:\/\/sweetgum.nybg.org\/science\/projects\/orquideas\/wp-json\/wp\/v2\/comments?post=33"}],"version-history":[{"count":1,"href":"https:\/\/sweetgum.nybg.org\/science\/projects\/orquideas\/wp-json\/wp\/v2\/pages\/33\/revisions"}],"predecessor-version":[{"id":34,"href":"https:\/\/sweetgum.nybg.org\/science\/projects\/orquideas\/wp-json\/wp\/v2\/pages\/33\/revisions\/34"}],"wp:attachment":[{"href":"https:\/\/sweetgum.nybg.org\/science\/projects\/orquideas\/wp-json\/wp\/v2\/media?parent=33"}],"curies":[{"name":"wp","href":"https:\/\/api.w.org\/{rel}","templated":true}]}}