{"id":28,"date":"2016-09-01T20:07:25","date_gmt":"2016-09-01T20:07:25","guid":{"rendered":"http:\/\/sycamore.nybg.org\/science\/projects\/orquideas\/?page_id=28"},"modified":"2016-09-26T15:34:19","modified_gmt":"2016-09-26T15:34:19","slug":"home","status":"publish","type":"page","link":"https:\/\/sweetgum.nybg.org\/science\/projects\/orquideas\/","title":{"rendered":"Home"},"content":{"rendered":"<h2>Vascular plants of Las Orqu\u00eddeas National Park (Colombia)<\/h2>\n<p>The New York Botanical Garden (NY), Universidad Nacional de Colombia, and Herbario Nacional Colombiano (COL) are working together to produce a specimen-based checklist of the vascular plants of Las Orqu\u00eddeas National Park, in Antioquia, Colombia. To date, at least 2,476 species of vascular plants have been documented within the park and links to the herbarium records and photographs of most of them are found in this website.<\/p>\n<p>Las Orqu\u00eddeas National Park is nested on the western slopes of Colombia\u2019s Western Cordillera. It boasts an enormous altitudinal gradient (300\u20133,450 m) and consequent range of vegetation, from lowland rainforests (ca. 300\u20131,000 m) to premontane (ca. 1,000\u20132,000 m) and montane forests (ca. 1,000\u20133,200 m) and, as recently confirmed by our botanical expeditions, scattered high-altitude p\u00e1ramos (ca. 3,200\u20133,450 m). True pluvial forests cover most of Las Orqu\u00eddeas National Park (29,118 ha), with an annual rainfall of 3,000-4,000 mm, dropping to 2,500 mm in the p\u00e1ramo. In general, the forests below 2,000 m are considered to be part of the Choc\u00f3 phytogeographic region (Rangel-Ch. et al. 2004) while the remainder is Andean.<br \/>\n<iframe loading=\"lazy\" style=\"border: 0;\" src=\"https:\/\/www.google.com\/maps\/embed?pb=!1m14!1m8!1m3!1d126823.57381414338!2d-76.155187!3d6.617490999999985!3m2!1i1024!2i768!4f13.1!3m3!1m2!1s0x8e45948832e4f675%3A0x5f1f37fbe2f4d774!2sLos+Orquideas+National+Park!5e0!3m2!1sen!2s!4v1403855541764\" width=\"100%\" height=\"500\" frameborder=\"0\"><\/iframe><\/p>\n<h2>Regional biodiversity and floristic inventory<\/h2>\n<p>Las Orqu\u00eddeas National Park is strategically located at the confluence of Colombia\u2019s Western Cordillera and adjacent Choc\u00f3 region, which have the highest angiosperm diversity in N South America. The Tropical Andes have the highest plant diversity in the world; unfortunately, this and the Choc\u00f3 biodiversity hotspot are also the world&#8217;s top and fifth priority areas for conservation, respectively, due to their accelerated deterioration.<\/p>\n<p>The ongoing floristic inventory targets remote areas along the park\u2019s altitudinal gradient that have never been explored before or which are undercollected. Collecting is equally focused on tree and non-tree plants; among the latter, epiphytes account for much of the species diversity of tropical pluvial forests, like those of Las Orqu\u00eddeas National Park.<\/p>\n<p>This project aims to document all the vascular plants of a region that is key to the understanding of plant biodiversity and plant conservation in the Neotropics. We will also assess which plant species are most important for conservation. The National Science Foundation (NSF) funds this research through a grant (<a href=\"http:\/\/www.nsf.gov\/awardsearch\/showAward?AWD_ID=1020623\">DEB-1020623<\/a>).<\/p>\n<p><img loading=\"lazy\" decoding=\"async\" class=\"size-full wp-image-73 aligncenter\" src=\"https:\/\/sweetgum.nybg.org\/science\/projects\/orquideas\/wp-content\/uploads\/sites\/13\/2016\/09\/nsflogo.gif\" alt=\"nsflogo\" width=\"91\" height=\"100\" \/><\/p>\n<p><center><\/center><\/p>\n","protected":false},"excerpt":{"rendered":"<p>Vascular plants of Las Orqu\u00eddeas National Park (Colombia) The New York Botanical Garden (NY), Universidad Nacional de Colombia, and Herbario Nacional Colombiano (COL) are working together to produce a specimen-based checklist of the vascular plants of Las Orqu\u00eddeas National Park, &hellip; <a href=\"https:\/\/sweetgum.nybg.org\/science\/projects\/orquideas\/\">Continued<\/a><\/p>\n","protected":false},"author":1,"featured_media":0,"parent":0,"menu_order":0,"comment_status":"closed","ping_status":"closed","template":"","meta":{"footnotes":""},"_links":{"self":[{"href":"https:\/\/sweetgum.nybg.org\/science\/projects\/orquideas\/wp-json\/wp\/v2\/pages\/28"}],"collection":[{"href":"https:\/\/sweetgum.nybg.org\/science\/projects\/orquideas\/wp-json\/wp\/v2\/pages"}],"about":[{"href":"https:\/\/sweetgum.nybg.org\/science\/projects\/orquideas\/wp-json\/wp\/v2\/types\/page"}],"author":[{"embeddable":true,"href":"https:\/\/sweetgum.nybg.org\/science\/projects\/orquideas\/wp-json\/wp\/v2\/users\/1"}],"replies":[{"embeddable":true,"href":"https:\/\/sweetgum.nybg.org\/science\/projects\/orquideas\/wp-json\/wp\/v2\/comments?post=28"}],"version-history":[{"count":6,"href":"https:\/\/sweetgum.nybg.org\/science\/projects\/orquideas\/wp-json\/wp\/v2\/pages\/28\/revisions"}],"predecessor-version":[{"id":74,"href":"https:\/\/sweetgum.nybg.org\/science\/projects\/orquideas\/wp-json\/wp\/v2\/pages\/28\/revisions\/74"}],"wp:attachment":[{"href":"https:\/\/sweetgum.nybg.org\/science\/projects\/orquideas\/wp-json\/wp\/v2\/media?parent=28"}],"curies":[{"name":"wp","href":"https:\/\/api.w.org\/{rel}","templated":true}]}}