{"id":43,"date":"2016-09-02T13:29:44","date_gmt":"2016-09-02T13:29:44","guid":{"rendered":"http:\/\/sycamore.nybg.org\/science\/projects\/megalastrum\/?page_id=43"},"modified":"2018-02-15T15:34:43","modified_gmt":"2018-02-15T15:34:43","slug":"literature","status":"publish","type":"page","link":"https:\/\/sweetgum.nybg.org\/science\/projects\/megalastrum\/literature\/","title":{"rendered":"Literature"},"content":{"rendered":"<p>Christensen, C. 1913. A monograph of the genus Dryopteris, Part I. The tropical American pinnatifid-bipinnatifid species. Kongelige Danske Videnskabernes Selskabs Skrifter, Naturvidenskabelig of. Mathematiske Afdeling, ser. 7, 10: 55-282.<\/p>\n<p>Christensen, C. 1920. A monograph of the genus Dryopteris, Part II. The tropical American bipinnate-decompound species. Kongelige Danske Videnskabernes Selskabs Skrifter, Naturvidenskabelig of. Mathematiske Afdeling, ser. 8, 6: 3\u2013132.<\/p>\n<p>Holttum, R. E. 1983. The fern-genera Tectaria, Heterogonium and Ctenitis in the Mascarene Islands. Kew Bulletin 38: 107\u2013130.<\/p>\n<p>Holttum, R. E. 1986 [1987]. Studies in the fern-genera allied to Tectaria Cav. VI. A conspectus of genera in the Old World regarded as related to Tectaria with descriptions of two genera. Gardens\u2019 Bulletin, Straights Settlements, Singapore 39: 153\u2013167.<\/p>\n<p>Kessler, M. &amp; A. R. Smith. 2006. Megalastrum (Dryopteridaceae \u2013 Pteridophyta) in Bolivia, with descriptions of six new species. American Fern Journal 96: 31\u201344.<\/p>\n<p>Mickel, J. T. &amp; A. R. Smith. 2004. The pteridophytes of Mexico. Memoirs of the New York Botanical Garden 88: 1\u20131054.<\/p>\n<p>Moran, R. C., J. Prado, P. Labiak, J. Garrison Hanks &amp; E. Schuettpelz. 2008. A \u201cnew\u201d species of tree fern from southeastern Brazil: Cyathea myriotricha (Cyatheaceae). Brittonia 60: 362\u2013370.<\/p>\n<p>Moran, R. C., J. Prado &amp; P. H. Labiak. 2009. Megalastrum (Dryopteridaceae) in the West Indies. Brittonia 61: 000\u2013000.<\/p>\n<p>Moran, R. C., J. Prado &amp; P. H. Labiak. 2009. Megalastrum (Dryopteridaceae) in Brazil, Paraguay, and Uruguay. American Fern Journal 99: 000\u2013000.<\/p>\n<p>Rojas, A. F. 2007. New species in Megalastrum subincisum complex (Dryopteridaceae) from Costa Rica. Brenesia 68: 17\u201324.<\/p>\n<p>Rojas, A. F. 2009. Novelties in the Megalastrum biseriale complex (Dryopteridaceae) from the Neotropics. M\u00e9todos en Ecolog\u00eda y Sistem\u00e1tica 3(Suppl. 1): 41\u201353.<\/p>\n<p>Rouhan, G. &amp; R. C. Moran. [in review]. Monograph of the Paleotropical species of Megalastrum (Dryopteridaceae). Annals of the Missouri Botanical Garden.<\/p>\n<p>Smith, A. R. 1981. Pteridophytes. In: D.E. Breedlove, editor, Flora of Chiapas 2: 1\u2013370. California Academy of Science, San Francisco.<\/p>\n<p>Smith, A. R. &amp; R. C. Moran. 1995. Megalastrum. Pages 202\u2013204. In: G. Davidse et al. (gen. eds.). Flora Mesoamericana. Vol. 1. Psilotaceae a Salviniaceae. Univ. Nacional Aut\u00f3noma de M\u00e9xico. Ciudad Universitaria.<\/p>\n","protected":false},"excerpt":{"rendered":"<p>Christensen, C. 1913. A monograph of the genus Dryopteris, Part I. The tropical American pinnatifid-bipinnatifid species. Kongelige Danske Videnskabernes Selskabs Skrifter, Naturvidenskabelig of. Mathematiske Afdeling, ser. 7, 10: 55-282. Christensen, C. 1920. A monograph of the genus Dryopteris, Part II. &hellip; <a href=\"https:\/\/sweetgum.nybg.org\/science\/projects\/megalastrum\/literature\/\">Continued<\/a><\/p>\n","protected":false},"author":1,"featured_media":0,"parent":0,"menu_order":0,"comment_status":"closed","ping_status":"closed","template":"page-fullwidth.php","meta":{"footnotes":""},"_links":{"self":[{"href":"https:\/\/sweetgum.nybg.org\/science\/projects\/megalastrum\/wp-json\/wp\/v2\/pages\/43"}],"collection":[{"href":"https:\/\/sweetgum.nybg.org\/science\/projects\/megalastrum\/wp-json\/wp\/v2\/pages"}],"about":[{"href":"https:\/\/sweetgum.nybg.org\/science\/projects\/megalastrum\/wp-json\/wp\/v2\/types\/page"}],"author":[{"embeddable":true,"href":"https:\/\/sweetgum.nybg.org\/science\/projects\/megalastrum\/wp-json\/wp\/v2\/users\/1"}],"replies":[{"embeddable":true,"href":"https:\/\/sweetgum.nybg.org\/science\/projects\/megalastrum\/wp-json\/wp\/v2\/comments?post=43"}],"version-history":[{"count":1,"href":"https:\/\/sweetgum.nybg.org\/science\/projects\/megalastrum\/wp-json\/wp\/v2\/pages\/43\/revisions"}],"predecessor-version":[{"id":44,"href":"https:\/\/sweetgum.nybg.org\/science\/projects\/megalastrum\/wp-json\/wp\/v2\/pages\/43\/revisions\/44"}],"wp:attachment":[{"href":"https:\/\/sweetgum.nybg.org\/science\/projects\/megalastrum\/wp-json\/wp\/v2\/media?parent=43"}],"curies":[{"name":"wp","href":"https:\/\/api.w.org\/{rel}","templated":true}]}}