{"id":60,"date":"2016-09-07T15:05:08","date_gmt":"2016-09-07T15:05:08","guid":{"rendered":"http:\/\/sycamore.nybg.org\/science\/projects\/fg\/?page_id=60"},"modified":"2016-09-07T15:05:08","modified_gmt":"2016-09-07T15:05:08","slug":"collaborators","status":"publish","type":"page","link":"https:\/\/sweetgum.nybg.org\/science\/projects\/fg\/collaborators\/","title":{"rendered":"Collaborators"},"content":{"rendered":"<p>Leaders of the Project: Scott A. Mori and Melissa Tulig of The New York Botanical Garden, Jean-Jacques de Granville, Sophie Gonz\u00e1lez, Veronique Guerin, and Herv\u00e9 Chevellote of the Herbier de Guyane of the Institut de Recherche pour le D\u00e9veloppement, and Jerome Chave of the Centre National de la Recherche Scientifique.<\/p>\n<p>We are grateful to CNRS for providing the funding needed to get this web site established through the Amazonie Research Program and to our respective institutions for their support of this project. All of the botanical line illustrations and photographs used in these pages are attributed to the respective artists and photographers. However, botanical artist Bobbi Angell and botanical photographer Carol Gracie, provided most of the images and for this we express our special thanks. We thank Naomi Pitcairn for allowing us to use the image that appears in the banner.<\/p>\n<h4>COLLABORATING INSTITUTIONS<\/h4>\n<ul>\n<li><a href=\"http:\/\/www.guyane.cnrs.fr\/\">Centre National de la Recherche Scientifique<\/a><\/li>\n<li><a href=\"http:\/\/www.cayenne.ird.fr\/aublet2\/\">IRD-Cayenne<\/a><\/li>\n<li><a href=\"http:\/\/sciweb.nybg.org\/science2\/\">The New York Botanical Garden<\/a><\/li>\n<\/ul>\n","protected":false},"excerpt":{"rendered":"<p>Leaders of the Project: Scott A. Mori and Melissa Tulig of The New York Botanical Garden, Jean-Jacques de Granville, Sophie Gonz\u00e1lez, Veronique Guerin, and Herv\u00e9 Chevellote of the Herbier de Guyane of the Institut de Recherche pour le D\u00e9veloppement, and &hellip; <a href=\"https:\/\/sweetgum.nybg.org\/science\/projects\/fg\/collaborators\/\">Continued<\/a><\/p>\n","protected":false},"author":1,"featured_media":0,"parent":0,"menu_order":0,"comment_status":"closed","ping_status":"closed","template":"page-fullwidth.php","meta":{"footnotes":""},"_links":{"self":[{"href":"https:\/\/sweetgum.nybg.org\/science\/projects\/fg\/wp-json\/wp\/v2\/pages\/60"}],"collection":[{"href":"https:\/\/sweetgum.nybg.org\/science\/projects\/fg\/wp-json\/wp\/v2\/pages"}],"about":[{"href":"https:\/\/sweetgum.nybg.org\/science\/projects\/fg\/wp-json\/wp\/v2\/types\/page"}],"author":[{"embeddable":true,"href":"https:\/\/sweetgum.nybg.org\/science\/projects\/fg\/wp-json\/wp\/v2\/users\/1"}],"replies":[{"embeddable":true,"href":"https:\/\/sweetgum.nybg.org\/science\/projects\/fg\/wp-json\/wp\/v2\/comments?post=60"}],"version-history":[{"count":1,"href":"https:\/\/sweetgum.nybg.org\/science\/projects\/fg\/wp-json\/wp\/v2\/pages\/60\/revisions"}],"predecessor-version":[{"id":61,"href":"https:\/\/sweetgum.nybg.org\/science\/projects\/fg\/wp-json\/wp\/v2\/pages\/60\/revisions\/61"}],"wp:attachment":[{"href":"https:\/\/sweetgum.nybg.org\/science\/projects\/fg\/wp-json\/wp\/v2\/media?parent=60"}],"curies":[{"name":"wp","href":"https:\/\/api.w.org\/{rel}","templated":true}]}}