{"id":661,"date":"2016-09-04T17:06:18","date_gmt":"2016-09-04T17:06:18","guid":{"rendered":"http:\/\/sycamore.nybg.org\/science\/projects\/boletineae\/?page_id=661"},"modified":"2016-09-30T19:11:45","modified_gmt":"2016-09-30T19:11:45","slug":"heimioporus","status":"publish","type":"page","link":"https:\/\/sweetgum.nybg.org\/science\/projects\/boletineae\/heimioporus\/","title":{"rendered":"Heimioporus &#8211; Overview &amp; Key"},"content":{"rendered":"<div id=\"pl-661\"  class=\"panel-layout\" ><div id=\"pg-661-0\"  class=\"panel-grid panel-no-style\" ><div id=\"pgc-661-0-0\"  class=\"panel-grid-cell\" ><div id=\"panel-661-0-0-0\" class=\"so-panel widget widget_sow-editor panel-first-child panel-last-child\" data-index=\"0\" ><div\n\t\t\t\n\t\t\tclass=\"so-widget-sow-editor so-widget-sow-editor-base\"\n\t\t\t\n\t\t>\n<div class=\"siteorigin-widget-tinymce textwidget\">\n\t<p><em><strong>Heimioporus<\/strong><\/em> species are primarily confined to eastern Asia (Japan and China), Indo-malaya to eastern Australia (so far) and Tasmania (9 species, 1 variety). Two species (three names) are only known from the Americas (<em><strong>H. alveolatus<\/strong><\/em>, <em><strong>H. betula<\/strong><\/em>, <em><strong>H. ivoryi<\/strong><\/em>). Horak (2005) provided the necessary nomenclatural updates from <strong><em>Heimiella<\/em><\/strong> to <strong><em>Heimioporus<\/em><\/strong> in a list of taxa. He recognized two subgenera based on spore morphology:<\/p>\n<p style=\"padding-left: 15px\">subg. <strong><em>Heimioporus<\/em><\/strong> \u2014 spore surface alveolate-reticulate<\/p>\n<p style=\"padding-left: 15px\">subg. <em><strong>Punctisporus<\/strong><\/em> \u2014 spore surface pitted<\/p>\n<p><em><strong>Heimioporus alveolatus<\/strong><\/em> from Mexico (Heim &amp; Perreau, 1964) is virtually identical, both macro- and microscopically, to <em><strong>H. betula<\/strong><\/em> and is undoubtedly a later synonym. Unfortunately, <em><strong>alveolatus<\/strong><\/em> was only known from the type specimen (Natural History Museum of Paris), and is apparently no longer extant.<\/p>\n<p>Likewise, <strong><em>H. anguiformis<\/em><\/strong>, described by R. Heim (1963) from Papua New Guinea, appears to be known only from the type specimen (Paris) and is also apparently no longer extant. However, published photomicrographs of spores and an exquisite color plate of the macroscopic appearance of the species leave little doubt as to its uniqueness (Heim 1965).<\/p>\n<p>While spore color has been used traditionally as a distinguishing character for bolete genera, the definitiveness of this feature appears not as rock-solid as previously thought (<em>Boletus<\/em> '<em>austroseparans<\/em>' in ed.). However, the olive brown spores of <em><strong>Heimioporus<\/strong><\/em> will readily distinguish the few punctate-spored taxa from those of <strong><em>Austroboletus<\/em><\/strong> (vinaceous pinkish to pinkish flesh colored spores) with generally similar ornamentation. <a href=\"https:\/\/sweetgum.nybg.org\/science\/projects\/boletineae\/spore-morphology\/\">Perforate\/punctate or alveolate-reticulate spores<\/a> do not occur in <strong><em>Boletellus<\/em><\/strong>, and this latter genus appears distinct from <strong><em>Heimioporus<\/em><\/strong> <a href=\"https:\/\/sweetgum.nybg.org\/science\/projects\/boletineae\/bolheim\/\">inferred from gene sequence data<\/a>. In this latter analysis by Halling et al. (2015), it is not demostrable that <strong><em>H. betula<\/em><\/strong> is a <strong><em>Heimioporus<\/em><\/strong>.<\/p>\n<p><strong><u>Key to Known Species<\/u><\/strong><\/p>\n<p>1. Pileus some shade of red (crimson, scarlet, rhubarb, etc.) [retisporus, ivoryi, mandarinus, betula, fruticicola, australis, cooloolae, japonicus, subretisporus, xerampelinus]\n<p style=\"padding-left: 15px\">2. Japan (NE Asia) to Australia [retisporus, mandarinus, japonicus, fruticicola, australis, cooloolae, subretisporus, xerampelinus, also possibly betula]\n<p style=\"padding-left: 30px\">3. Pileus conic-umbonate, alveolate - - - <a href=\"https:\/\/sweetgum.nybg.org\/science\/projects\/boletineae\/taxon-details\/?irn=254104\"><em><strong>H. mandarinus<\/strong><\/em><\/a><\/p>\n<p style=\"padding-left: 30px\">3. Pileus convex [retisporus, japonicus, fruticicola, australis, cooloolae, xerampelinus]\n<p style=\"padding-left: 45px\">4. Spores ellipsoid or rarely subglobose - - - <a href=\"https:\/\/sweetgum.nybg.org\/science\/projects\/boletineae\/taxon-details\/?irn=38061\"><em><strong>H. retisporus<\/strong><\/em><\/a> (with var. levipedes)<\/p>\n<p style=\"padding-left: 45px\">4. Spores fusoid, subfusoid to elongate-ellipsoid [japonicus, fruticicola, australis, cooloolae, xerampelinus]\n<p style=\"padding-left: 60px\">5. Spore surface finely rugulose with crater-like ornamentation [cooloolae, fruticicola]\n<p style=\"padding-left: 75px\">6. Pileus bright red; stipe lacking colored tomentum at base - - - <a href=\"https:\/\/sweetgum.nybg.org\/science\/projects\/boletineae\/taxon-details\/?irn=268748\"><em><strong>H. fruticicola<\/strong><\/em><\/a><\/p>\n<p style=\"padding-left: 75px\">6. Pileus dull red; stipe with scattered olive-mustard colored tomentum at base - - <a href=\"https:\/\/sweetgum.nybg.org\/science\/projects\/boletineae\/taxon-details\/?irn=632967\"><em><strong>H. cooloolae<\/strong><\/em><\/a><\/p>\n<p style=\"padding-left: 60px\">5. Spores alveolate-reticulate [japonicus, australis, xerampelinus]\n<p style=\"padding-left: 75px\">7. Stipe reticulate; Japan and China - - - <a href=\"https:\/\/sweetgum.nybg.org\/science\/projects\/boletineae\/taxon-details\/?irn=38060\"><em><strong>H. japonicus<\/strong><\/em><\/a>, <a href=\"https:\/\/sweetgum.nybg.org\/science\/projects\/boletineae\/taxon-details\/?irn=1151611\"><em><strong>H. xerampelinus<\/strong><\/em><\/a><\/p>\n<p style=\"padding-left: 75px\">7. Stipe shallowly lacerate ridged with a red pruina; Australia - - - <a href=\"https:\/\/sweetgum.nybg.org\/science\/projects\/boletineae\/taxon-details\/?irn=638810\"><em><strong>H. australis<\/strong><\/em><\/a><\/p>\n<p style=\"padding-left: 15px\">2. America [ivoryi, betula]\n<p style=\"padding-left: 30px\">8. Spores alveolate-reticulate - - - <a href=\"https:\/\/sweetgum.nybg.org\/science\/projects\/boletineae\/taxon-details\/?irn=38059\"><em><strong>H. ivoryi<\/strong><\/em><\/a><\/p>\n<p style=\"padding-left: 30px\">8. Spores perforate- - - <a href=\"https:\/\/sweetgum.nybg.org\/science\/projects\/boletineae\/taxon-details\/?irn=604311\"><em><strong>H. betula<\/strong><\/em><\/a><\/p>\n<p>1. Pileus not red (brown, fawn, pale tan to ochraceous or black) [anguiformis, kinabaluensis, punctisporus, rubropunctus, subretisporus.]\n<p style=\"padding-left: 15px\">9. Pileus surface cerebriform; stipe apex pinkish orange - - - <a href=\"https:\/\/sweetgum.nybg.org\/science\/projects\/boletineae\/taxon-details\/?irn=426276\"><em><strong>H. anguiformis<\/strong><\/em><\/a><\/p>\n<p style=\"padding-left: 15px\">9. Pileus surface even to somewhat rugulose to rugulose-tuberculate to shallowly subalveolate, but NOT cerebriform; stipe apex some other color [kinabaluensis, subretisporus, punctisporus, rubropunctus.]\n<p style=\"padding-left: 30px\">10. Spores punctate - - - <a href=\"https:\/\/sweetgum.nybg.org\/science\/projects\/boletineae\/taxon-details\/?irn=343344\"><em><strong>H. punctisporus<\/strong><\/em><\/a><\/p>\n<p style=\"padding-left: 30px\">10. Spores reticulate, not punctate<\/p>\n<p style=\"padding-left: 45px\">11. Pileus even - - - <a href=\"https:\/\/sweetgum.nybg.org\/science\/projects\/boletineae\/taxon-details\/?irn=343358\"><em><strong>H. subretisporus<\/strong><\/em><\/a><\/p>\n<p style=\"padding-left: 45px\">11. Pileus rugulose to rugulose-tuberculate<\/p>\n<p style=\"padding-left: 60px\">12. Stipe with red scurfy ornamentation; tubes and pores cyanescent - - - <a href=\"https:\/\/sweetgum.nybg.org\/science\/projects\/boletineae\/taxon-details\/?irn=38062\"><em><strong>H. rubropunctus<\/strong><\/em><\/a><\/p>\n<p style=\"padding-left: 60px\">12. Stipe with fawn then blackening scurfy ornamentation; tubes and pores unchanging - - - <a href=\"https:\/\/sweetgum.nybg.org\/science\/projects\/boletineae\/taxon-details\/?irn=343340\"><em><strong>H. kinabaluensis<\/strong><\/em><\/a><\/p>\n<p style=\"padding-left: 15px\"><strong><u>Literature Cited<\/u><\/strong><\/p>\n<p><strong>Halling, R.E., et al.<\/strong> 2015. Evolutionary relationsnhips of <em>Heimioporus<\/em> and <em>Boletellus<\/em> (Boletales), with an emphasis on Australian taxa including new species and new combinations in <em>Aureoboletus<\/em>, <em>Hemileccinum<\/em> and <em>Xerocomus<\/em>. Austral. Syst. Bot. 28: 1-22.<\/p>\n<p><strong>Heim, R.<\/strong> 1963. Diagnoses latines des esp\u00e8ces de Champignons, ou nonda, associ\u00e9 \u00e0 la folie du komugl ta\u00ef et du nadaadl. Rev. Mycol. (Paris) 28: 277-283.<\/p>\n<p><strong>Heim, R.<\/strong> 1965. Les champignons associ\u00e9s a la folie de kuma: \u00e9tude descriptive et iconographie. Cahiers du Pacifique 7: 7-65.<\/p>\n<p><strong>Heim, R. &amp; J. Perreau.<\/strong> 1964. Les genres <em>Porphyrellus<\/em> et <em>Strobilomyces<\/em> au Mexique. Bull. Soc. Mycol. France 80: 88-101.<\/p>\n<p><strong>Horak, E.<\/strong> 2005. <em>Heimioporus<\/em> E. Horak gen. nov. - replacing Heimiella Boedijn (1951, syn. post., Boletales, Basidiomycota). Sydowia 56: 237-240.<\/p>\n<\/div>\n<\/div><\/div><\/div><\/div><\/div>","protected":false},"excerpt":{"rendered":"<p>Heimioporus species are primarily confined to eastern Asia (Japan and China), Indo-malaya to eastern Australia (so far) and Tasmania (9 species, 1 variety). Two species (three names) are only known from the Americas (H. alveolatus, H. betula, H. ivoryi). Horak &hellip; <a href=\"https:\/\/sweetgum.nybg.org\/science\/projects\/boletineae\/heimioporus\/\">Continued<\/a><\/p>\n","protected":false},"author":5,"featured_media":0,"parent":0,"menu_order":0,"comment_status":"closed","ping_status":"closed","template":"page-fullwidth.php","meta":{"footnotes":""},"_links":{"self":[{"href":"https:\/\/sweetgum.nybg.org\/science\/projects\/boletineae\/wp-json\/wp\/v2\/pages\/661"}],"collection":[{"href":"https:\/\/sweetgum.nybg.org\/science\/projects\/boletineae\/wp-json\/wp\/v2\/pages"}],"about":[{"href":"https:\/\/sweetgum.nybg.org\/science\/projects\/boletineae\/wp-json\/wp\/v2\/types\/page"}],"author":[{"embeddable":true,"href":"https:\/\/sweetgum.nybg.org\/science\/projects\/boletineae\/wp-json\/wp\/v2\/users\/5"}],"replies":[{"embeddable":true,"href":"https:\/\/sweetgum.nybg.org\/science\/projects\/boletineae\/wp-json\/wp\/v2\/comments?post=661"}],"version-history":[{"count":57,"href":"https:\/\/sweetgum.nybg.org\/science\/projects\/boletineae\/wp-json\/wp\/v2\/pages\/661\/revisions"}],"predecessor-version":[{"id":834,"href":"https:\/\/sweetgum.nybg.org\/science\/projects\/boletineae\/wp-json\/wp\/v2\/pages\/661\/revisions\/834"}],"wp:attachment":[{"href":"https:\/\/sweetgum.nybg.org\/science\/projects\/boletineae\/wp-json\/wp\/v2\/media?parent=661"}],"curies":[{"name":"wp","href":"https:\/\/api.w.org\/{rel}","templated":true}]}}